{"id":2054,"date":"2010-03-11T13:34:05","date_gmt":"2010-03-11T12:34:05","guid":{"rendered":"http:\/\/www.12sur12.org\/documents\/"},"modified":"2020-07-24T15:29:35","modified_gmt":"2020-07-24T13:29:35","slug":"documents","status":"publish","type":"page","link":"https:\/\/www.12sur12.org\/?page_id=2054","title":{"rendered":"Documents"},"content":{"rendered":"<p>Sur cette page, vous pouvez t\u00e9l\u00e9charger nos dossiers et notre Bulletin d&rsquo;information \u00e0 partir du num\u00e9ro 50 (hiver 2007\/08).<\/p>\n<p>Cliquez sur les liens ci-dessous.<\/p>\n<p><em><strong>Dossiers :<\/strong><\/em><\/p>\n<p><a href=\"https:\/\/www.12sur12.org\/wp-content\/uploads\/2010\/03\/CATASTROPHES-Juin-2016.pdf\" target=\"_blank\">Principales catastrophes et cataclysmes dans l\u2019\u00cele de Noirmoutier depuis le III\u00e8me si\u00e8cle (version mise \u00e0 jour en 2016)<\/a><\/p>\n<p><a href=\"https:\/\/www.12sur12.org\/wp-content\/uploads\/2010\/03\/Bassin-versant-F\u00e9vrier-2016.pdf\" target=\"_blank\">Mise en \u00e9vidence de l&rsquo;existence d&rsquo;un bassin versant au Nord de l&rsquo;Ile de Noirmoutier (version mise \u00e0 jour en 2016)<\/a><\/p>\n<p><a href=\"https:\/\/www.12sur12.org\/wp-content\/uploads\/2010\/03\/PPRL-mise-\u00e0-jour-Janvier-2015.pdf\" target=\"_blank\">Noirmoutier : une \u00eele \u00e0 fleur d&rsquo;eau. PPRL (mise \u00e0 jour 2015) <\/a><\/p>\n<p><a title=\"Dossier La Blanche\" href=\"http:\/\/12sur12.free.fr\/Dossier%20La%20Blanche%202.pdf\" target=\"_blank\">Enquete sur les eaux pluviales \u00e0 la Blanche (janvier 2010)<\/a><\/p>\n<p><a href=\"http:\/\/12sur12.free.fr\/Le%20port%20apr%C3%A8s%20Xynthia.pdf\" target=\"_blank\">Le port apr\u00e8s Xynthia<\/a> (juillet 2010)<\/p>\n<p><a title=\"La pointe de la Fosse - \u00e9tat des lieux novembre 2010\" href=\"http:\/\/12sur12.free.fr\/LA%20FOSSE.pdf\" target=\"_blank\">La pointe de la Fosse &#8211; Barb\u00e2tre : un \u00e9tat des lieux<\/a> (novembre 2010)<\/p>\n<p><a href=\"https:\/\/www.12sur12.org\/wp-content\/uploads\/2010\/03\/Papier-comblements.pdf\" target=\"_blank\">Rehaussements, remblaiements et comblements<\/a>\u00a0 (Octobre 2016)<\/p>\n<p><a href=\"https:\/\/www.12sur12.org\/wp-content\/uploads\/2010\/03\/PORTES-WORD.pdf\" target=\"_blank\">Portes \u00e0 effet anti-temp\u00eates. Noirmoutier-en-l&rsquo;\u00eele<\/a> (Septembre 2016)<\/p>\n<p><strong><em>Documents :<\/em><\/strong><\/p>\n<p><a title=\"memoire-devroc.pdf\" href=\"https:\/\/www.12sur12.org\/wp-content\/uploads\/2007\/12\/memoire-devroc.pdf\">Les relations entre une associaton contre-pouvoir et les \u00e9lus doivent-elles \u00eatre apais\u00e9es?<\/a> (M\u00e9moire r\u00e9dig\u00e9 en 2006 par un membre du Conseil d&rsquo;Administration dans le cadre d&rsquo;un travail universitaire sur les relations entre associations et \u00e9lus : il inclut un aper\u00e7u du travail de l&rsquo;association <em>Vivre l&rsquo;\u00eele 12 sur 12<\/em>.)<\/p>\n<p><a title=\"Le processus de d\u00e9fense contre la mer : exemple de la c\u00f4te ouest de l\u2019\u00eele de Noirmoutier\" href=\"http:\/\/12sur12.free.fr\/annexe-defense-contre-la-mer.pdf\">Le processus de d\u00e9fense contre la mer : exemple de la c\u00f4te ouest de l\u2019\u00eele de Noirmoutier.<\/a><\/p>\n<p><a title=\"L'affichage publicitaire\" href=\"http:\/\/12sur12.free.fr\/L%27affichage%20publicitaire.pdf\">L&rsquo;affichage publicitaire<\/a> (pr\u00e9sentation pour le Rapport d&rsquo;activit\u00e9s \u00e0 l&rsquo;AG 2011)<\/p>\n<p><em><strong>Bulletins d&rsquo;informations :<\/strong><\/em><\/p>\n<p><a href=\"http:\/\/12sur12.free.fr\/info50.pdf\" target=\"_blank\">N\u00b0 50 (hiver 2007\/08)<\/a><\/p>\n<p><a href=\"http:\/\/12sur12.free.fr\/info51.pdf\" target=\"_blank\">N\u00b0 51 (printemps 2008)<\/a><\/p>\n<p><a href=\"http:\/\/12sur12.free.fr\/info52.pdf\" target=\"_blank\">N\u00b0 52 (\u00e9t\u00e9 2008)<\/a><\/p>\n<p><a href=\"http:\/\/12sur12.free.fr\/info53.pdf\" target=\"_blank\">N\u00b0 53 (hiver 2008\/09)<\/a><\/p>\n<p><a href=\"http:\/\/12sur12.free.fr\/info54.pdf\" target=\"_blank\">N\u00b0 54 (printemps\/\u00e9t\u00e9 2009)<\/a><\/p>\n<p><a href=\"http:\/\/12sur12.free.fr\/info55.pdf\" target=\"_blank\">N\u00b0 55 (automne 2009)<\/a><\/p>\n<p><a href=\"http:\/\/12sur12.free.fr\/info56.pdf\" target=\"_blank\">N\u00b0 56 (hiver 2009\/10)<\/a><\/p>\n<p><a href=\"https:\/\/www.12sur12.org\/wp-content\/uploads\/2010\/03\/12sur12n\u00b070-web.pdf\" target=\"_blank\">N\u00b0 70 (Automne Hiver 2016)<\/a><\/p>\n","protected":false},"excerpt":{"rendered":"<p>Sur cette page, vous pouvez t\u00e9l\u00e9charger nos dossiers et notre Bulletin d&rsquo;information \u00e0 partir du num\u00e9ro 50 (hiver 2007\/08). Cliquez sur les liens ci-dessous. Dossiers : Principales catastrophes et cataclysmes dans l\u2019\u00cele de Noirmoutier depuis le III\u00e8me si\u00e8cle (version mise &hellip; <a href=\"https:\/\/www.12sur12.org\/?page_id=2054\">Continue reading <span class=\"meta-nav\">&rarr;<\/span><\/a><\/p>\n","protected":false},"author":8,"featured_media":0,"parent":0,"menu_order":4,"comment_status":"closed","ping_status":"closed","template":"","meta":{"footnotes":""},"class_list":["post-2054","page","type-page","status-publish","hentry"],"_links":{"self":[{"href":"https:\/\/www.12sur12.org\/index.php?rest_route=\/wp\/v2\/pages\/2054","targetHints":{"allow":["GET"]}}],"collection":[{"href":"https:\/\/www.12sur12.org\/index.php?rest_route=\/wp\/v2\/pages"}],"about":[{"href":"https:\/\/www.12sur12.org\/index.php?rest_route=\/wp\/v2\/types\/page"}],"author":[{"embeddable":true,"href":"https:\/\/www.12sur12.org\/index.php?rest_route=\/wp\/v2\/users\/8"}],"replies":[{"embeddable":true,"href":"https:\/\/www.12sur12.org\/index.php?rest_route=%2Fwp%2Fv2%2Fcomments&post=2054"}],"version-history":[{"count":8,"href":"https:\/\/www.12sur12.org\/index.php?rest_route=\/wp\/v2\/pages\/2054\/revisions"}],"predecessor-version":[{"id":4727,"href":"https:\/\/www.12sur12.org\/index.php?rest_route=\/wp\/v2\/pages\/2054\/revisions\/4727"}],"wp:attachment":[{"href":"https:\/\/www.12sur12.org\/index.php?rest_route=%2Fwp%2Fv2%2Fmedia&parent=2054"}],"curies":[{"name":"wp","href":"https:\/\/api.w.org\/{rel}","templated":true}]}}