{"id":15,"date":"2007-07-07T12:17:22","date_gmt":"2007-07-07T10:17:22","guid":{"rendered":"http:\/\/www.matieres.com\/wordpress\/?page_id=15"},"modified":"2014-01-28T19:22:54","modified_gmt":"2014-01-28T18:22:54","slug":"lassociation","status":"publish","type":"page","link":"https:\/\/www.12sur12.org\/?page_id=15","title":{"rendered":"L\u2019association"},"content":{"rendered":"<p>POURQUOI \u00ab\u00a0<em>VIVRE L&rsquo;\u00ceLE 12 SUR 12&Prime;?\u00a0<\/em><\/p>\n<p>Doit-on r\u00e9sider en permanence sur l&rsquo;\u00eele pour adh\u00e9rer \u00e0 l&rsquo;association?<\/p>\n<p>En 1985, les membres fondateurs ont souhait\u00e9 donner \u00e0 leur association un nom \u00e0 valeur symbolique. Ils voulaient signifier qu&rsquo;ils ne se souciaient pas de l&rsquo;environnement de l&rsquo;\u00eele une fois de temps en temps, lors d&rsquo;un s\u00e9jour de vacances ou lorsque leur humeur ou leur int\u00e9r\u00eat personnel les inspiraient, mais qu&rsquo;ils s&rsquo;instituaient gardiens et d\u00e9fenseurs d&rsquo;un lieu de vie \u00e0 longueur d&rsquo;ann\u00e9e: 12 mois sur 12!<\/p>\n<p>La symbolique s\u2019est un peu perdue depuis. Pour certains, <em>Vivre l\u2019\u00eele 12 sur 12<\/em> est une association de r\u00e2leurs, d\u2019emp\u00eacheurs de tourner en rond. Pour d\u2019autres, c\u2019est une association apolitique qui ne s\u2019occupe que de prot\u00e9ger l\u2019environnement de l\u2019\u00eele de Noirmoutier, qui suit l\u2019emploi de l\u2019argent public et qui, ne se contentant pas de demi-mesures, va jusqu\u2019au bout de ses actions.<\/p>\n<p><strong>Pour adh\u00e9rer, il n&rsquo;est pas n\u00e9cessaire d&rsquo;habiter en permanence sur l&rsquo;\u00eele. Il suffit de l&rsquo;aimer, et de vouloir la prot\u00e9ger dans le cadre d&rsquo;un d\u00e9veloppement durable.<\/strong><\/p>\n<p>Que vous soyez \u00eelien de souche, r\u00e9sident permanent, propri\u00e9taire d&rsquo;une r\u00e9sidence secondaire, visiteur r\u00e9gulier ou touriste occasionnel, si vous souhaitez contribuer \u00e0 la protection de l&rsquo;\u00eele, lisez nos statuts, et si vous \u00eates d&rsquo;accord avec nos objectifs, adh\u00e9rez \u00e0 l&rsquo;association. Vous trouverez un lien vers le formulaire d&rsquo;adh\u00e9sion sur la page \u00ab\u00a0Rejoignez-nous\u00a0\u00bb.<\/p>\n","protected":false},"excerpt":{"rendered":"<p>POURQUOI \u00ab\u00a0VIVRE L&rsquo;\u00ceLE 12 SUR 12&Prime;?\u00a0 Doit-on r\u00e9sider en permanence sur l&rsquo;\u00eele pour adh\u00e9rer \u00e0 l&rsquo;association? En 1985, les membres fondateurs ont souhait\u00e9 donner \u00e0 leur association un nom \u00e0 valeur symbolique. Ils voulaient signifier qu&rsquo;ils ne se souciaient pas &hellip; <a href=\"https:\/\/www.12sur12.org\/?page_id=15\">Continue reading <span class=\"meta-nav\">&rarr;<\/span><\/a><\/p>\n","protected":false},"author":8,"featured_media":0,"parent":0,"menu_order":1,"comment_status":"closed","ping_status":"closed","template":"","meta":{"footnotes":""},"class_list":["post-15","page","type-page","status-publish","hentry"],"_links":{"self":[{"href":"https:\/\/www.12sur12.org\/index.php?rest_route=\/wp\/v2\/pages\/15","targetHints":{"allow":["GET"]}}],"collection":[{"href":"https:\/\/www.12sur12.org\/index.php?rest_route=\/wp\/v2\/pages"}],"about":[{"href":"https:\/\/www.12sur12.org\/index.php?rest_route=\/wp\/v2\/types\/page"}],"author":[{"embeddable":true,"href":"https:\/\/www.12sur12.org\/index.php?rest_route=\/wp\/v2\/users\/8"}],"replies":[{"embeddable":true,"href":"https:\/\/www.12sur12.org\/index.php?rest_route=%2Fwp%2Fv2%2Fcomments&post=15"}],"version-history":[{"count":2,"href":"https:\/\/www.12sur12.org\/index.php?rest_route=\/wp\/v2\/pages\/15\/revisions"}],"predecessor-version":[{"id":2759,"href":"https:\/\/www.12sur12.org\/index.php?rest_route=\/wp\/v2\/pages\/15\/revisions\/2759"}],"wp:attachment":[{"href":"https:\/\/www.12sur12.org\/index.php?rest_route=%2Fwp%2Fv2%2Fmedia&parent=15"}],"curies":[{"name":"wp","href":"https:\/\/api.w.org\/{rel}","templated":true}]}}