{"id":11,"date":"2007-06-25T21:53:35","date_gmt":"2007-06-25T20:53:35","guid":{"rendered":"http:\/\/www.matieres.com\/wordpress\/?page_id=11"},"modified":"2023-02-12T17:11:53","modified_gmt":"2023-02-12T16:11:53","slug":"rejoignez-nous","status":"publish","type":"page","link":"https:\/\/www.12sur12.org\/?page_id=11","title":{"rendered":"Rejoignez-nous"},"content":{"rendered":"<p>Si vous souhaitez adh\u00e9rer \u00e0 <em>Vivre l&rsquo;\u00cele 12 sur 12<\/em> et soutenir notre action,<br \/>\nil vous suffit d&rsquo;imprimer et de compl\u00e9ter le <a title=\"adhesion.pdf\" href=\"https:\/\/www.12sur12.org\/wp-content\/uploads\/2023\/02\/Formulaire-adhesion-Vivre-lIle-12-sur-12.pdf\">formulaire d&rsquo;adh\u00e9sion<\/a> et de nous l&rsquo;adresser (accompagn\u00e9 de votre r\u00e8glement soit par ch\u00e8que joint, soit par virement) \u00e0 l&rsquo;adresse suivante:<br \/>\nVivre l&rsquo;\u00eele 12 sur 12<br \/>\nBP 412<br \/>\n85330 Noirmoutier en l&rsquo;\u00cele<br \/>\nSi vous souhaitez r\u00e9gler votre cotisation par virement bancaire , prenez soin d&rsquo;indiquer clairement le motif de votre paiement (cotisation, don, etc.).<\/p>\n<p>Le montant de la cotisation est de \u20ac17 pour un membre individuel, et de \u20ac22 pour un couple.<\/p>\n<p>Les coordonn\u00e9es bancaires de l&rsquo;association:<\/p>\n<p>RIB<\/p>\n<p>15519 39042 00020425501 94<\/p>\n<p>IBAN<\/p>\n<p>FR76 1551 9390 4200 0204 2550 194<\/p>\n<p>BIC<br \/>\nCMCIFR2A<\/p>\n","protected":false},"excerpt":{"rendered":"<p>Si vous souhaitez adh\u00e9rer \u00e0 Vivre l&rsquo;\u00cele 12 sur 12 et soutenir notre action, il vous suffit d&rsquo;imprimer et de compl\u00e9ter le formulaire d&rsquo;adh\u00e9sion et de nous l&rsquo;adresser (accompagn\u00e9 de votre r\u00e8glement soit par ch\u00e8que joint, soit par virement) \u00e0 &hellip; <a href=\"https:\/\/www.12sur12.org\/?page_id=11\">Continue reading <span class=\"meta-nav\">&rarr;<\/span><\/a><\/p>\n","protected":false},"author":8,"featured_media":0,"parent":15,"menu_order":3,"comment_status":"closed","ping_status":"closed","template":"","meta":{"footnotes":""},"class_list":["post-11","page","type-page","status-publish","hentry"],"_links":{"self":[{"href":"https:\/\/www.12sur12.org\/index.php?rest_route=\/wp\/v2\/pages\/11","targetHints":{"allow":["GET"]}}],"collection":[{"href":"https:\/\/www.12sur12.org\/index.php?rest_route=\/wp\/v2\/pages"}],"about":[{"href":"https:\/\/www.12sur12.org\/index.php?rest_route=\/wp\/v2\/types\/page"}],"author":[{"embeddable":true,"href":"https:\/\/www.12sur12.org\/index.php?rest_route=\/wp\/v2\/users\/8"}],"replies":[{"embeddable":true,"href":"https:\/\/www.12sur12.org\/index.php?rest_route=%2Fwp%2Fv2%2Fcomments&post=11"}],"version-history":[{"count":6,"href":"https:\/\/www.12sur12.org\/index.php?rest_route=\/wp\/v2\/pages\/11\/revisions"}],"predecessor-version":[{"id":5216,"href":"https:\/\/www.12sur12.org\/index.php?rest_route=\/wp\/v2\/pages\/11\/revisions\/5216"}],"up":[{"embeddable":true,"href":"https:\/\/www.12sur12.org\/index.php?rest_route=\/wp\/v2\/pages\/15"}],"wp:attachment":[{"href":"https:\/\/www.12sur12.org\/index.php?rest_route=%2Fwp%2Fv2%2Fmedia&parent=11"}],"curies":[{"name":"wp","href":"https:\/\/api.w.org\/{rel}","templated":true}]}}